{"id":6009,"date":"2023-05-21T16:33:03","date_gmt":"2023-05-21T14:33:03","guid":{"rendered":"https:\/\/romeigroup.com\/bereiche\/costruzioni\/"},"modified":"2023-07-19T09:28:32","modified_gmt":"2023-07-19T07:28:32","slug":"bauwesen","status":"publish","type":"page","link":"https:\/\/romeigroup.com\/de\/bereiche\/bauwesen\/","title":{"rendered":"Bauwesen"},"content":{"rendered":"\t\t<div data-elementor-type=\"wp-post\" data-elementor-id=\"6009\" class=\"elementor elementor-6009 elementor-1807\">\n\t\t\t\t\t\t<section class=\"elementor-section elementor-top-section elementor-element elementor-element-5bd5d7a elementor-section-stretched elementor-section-height-min-height elementor-section-boxed elementor-section-height-default elementor-section-items-middle\" data-id=\"5bd5d7a\" data-element_type=\"section\" data-e-type=\"section\" data-settings=\"{&quot;stretch_section&quot;:&quot;section-stretched&quot;,&quot;jet_parallax_layout_list&quot;:[{&quot;jet_parallax_layout_image&quot;:{&quot;url&quot;:&quot;&quot;,&quot;id&quot;:&quot;&quot;,&quot;size&quot;:&quot;&quot;},&quot;_id&quot;:&quot;f146a20&quot;,&quot;jet_parallax_layout_image_tablet&quot;:{&quot;url&quot;:&quot;&quot;,&quot;id&quot;:&quot;&quot;,&quot;size&quot;:&quot;&quot;},&quot;jet_parallax_layout_image_mobile&quot;:{&quot;url&quot;:&quot;&quot;,&quot;id&quot;:&quot;&quot;,&quot;size&quot;:&quot;&quot;},&quot;jet_parallax_layout_speed&quot;:{&quot;unit&quot;:&quot;%&quot;,&quot;size&quot;:&quot;50&quot;,&quot;sizes&quot;:[]},&quot;jet_parallax_layout_bg_x&quot;:&quot;50&quot;,&quot;jet_parallax_layout_bg_y&quot;:&quot;50&quot;,&quot;jet_parallax_layout_type&quot;:&quot;scroll&quot;,&quot;jet_parallax_layout_direction&quot;:&quot;1&quot;,&quot;jet_parallax_layout_fx_direction&quot;:null,&quot;jet_parallax_layout_z_index&quot;:&quot;&quot;,&quot;jet_parallax_layout_bg_x_tablet&quot;:&quot;&quot;,&quot;jet_parallax_layout_bg_x_mobile&quot;:&quot;&quot;,&quot;jet_parallax_layout_bg_y_tablet&quot;:&quot;&quot;,&quot;jet_parallax_layout_bg_y_mobile&quot;:&quot;&quot;,&quot;jet_parallax_layout_bg_size&quot;:&quot;auto&quot;,&quot;jet_parallax_layout_bg_size_tablet&quot;:&quot;&quot;,&quot;jet_parallax_layout_bg_size_mobile&quot;:&quot;&quot;,&quot;jet_parallax_layout_animation_prop&quot;:&quot;transform&quot;,&quot;jet_parallax_layout_on&quot;:[&quot;desktop&quot;,&quot;tablet&quot;]}],&quot;background_background&quot;:&quot;classic&quot;}\">\n\t\t\t\t\t\t\t<div class=\"elementor-background-overlay\"><\/div>\n\t\t\t\t\t\t\t<div class=\"elementor-container elementor-column-gap-default\">\n\t\t\t\t\t<div class=\"elementor-column elementor-col-100 elementor-top-column elementor-element elementor-element-c1a9bb7\" data-id=\"c1a9bb7\" data-element_type=\"column\" data-e-type=\"column\">\n\t\t\t<div class=\"elementor-widget-wrap elementor-element-populated\">\n\t\t\t\t\t\t<div class=\"elementor-element elementor-element-ba08324 elementor-align-center elementor-widget elementor-widget-raven-heading\" data-id=\"ba08324\" data-element_type=\"widget\" data-e-type=\"widget\" data-widget_type=\"raven-heading.default\">\n\t\t\t\t<div class=\"elementor-widget-container\">\n\t\t\t\t\t\t\t<div class=\"raven-widget-wrapper\"><h1 class=\"raven-heading raven-heading-h1\"><span class=\"raven-heading-title \">Bauarbeiten<\/span><\/h1><\/div>\n\t\t\t\t\t\t<\/div>\n\t\t\t\t<\/div>\n\t\t\t\t\t<\/div>\n\t\t<\/div>\n\t\t\t\t\t<\/div>\n\t\t<\/section>\n\t\t\t\t<section class=\"elementor-section elementor-top-section elementor-element elementor-element-ff4ac4a elementor-section-full_width elementor-section-height-min-height elementor-reverse-tablet elementor-reverse-mobile elementor-section-height-default elementor-section-items-middle\" data-id=\"ff4ac4a\" data-element_type=\"section\" data-e-type=\"section\" id=\"privat\" data-settings=\"{&quot;jet_parallax_layout_list&quot;:[{&quot;jet_parallax_layout_image&quot;:{&quot;url&quot;:&quot;&quot;,&quot;id&quot;:&quot;&quot;,&quot;size&quot;:&quot;&quot;},&quot;_id&quot;:&quot;aa021e0&quot;,&quot;jet_parallax_layout_image_tablet&quot;:{&quot;url&quot;:&quot;&quot;,&quot;id&quot;:&quot;&quot;,&quot;size&quot;:&quot;&quot;},&quot;jet_parallax_layout_image_mobile&quot;:{&quot;url&quot;:&quot;&quot;,&quot;id&quot;:&quot;&quot;,&quot;size&quot;:&quot;&quot;},&quot;jet_parallax_layout_speed&quot;:{&quot;unit&quot;:&quot;%&quot;,&quot;size&quot;:&quot;50&quot;,&quot;sizes&quot;:[]},&quot;jet_parallax_layout_bg_x&quot;:&quot;50&quot;,&quot;jet_parallax_layout_bg_y&quot;:&quot;50&quot;,&quot;jet_parallax_layout_type&quot;:&quot;scroll&quot;,&quot;jet_parallax_layout_direction&quot;:&quot;1&quot;,&quot;jet_parallax_layout_fx_direction&quot;:null,&quot;jet_parallax_layout_z_index&quot;:&quot;&quot;,&quot;jet_parallax_layout_bg_x_tablet&quot;:&quot;&quot;,&quot;jet_parallax_layout_bg_x_mobile&quot;:&quot;&quot;,&quot;jet_parallax_layout_bg_y_tablet&quot;:&quot;&quot;,&quot;jet_parallax_layout_bg_y_mobile&quot;:&quot;&quot;,&quot;jet_parallax_layout_bg_size&quot;:&quot;auto&quot;,&quot;jet_parallax_layout_bg_size_tablet&quot;:&quot;&quot;,&quot;jet_parallax_layout_bg_size_mobile&quot;:&quot;&quot;,&quot;jet_parallax_layout_animation_prop&quot;:&quot;transform&quot;,&quot;jet_parallax_layout_on&quot;:[&quot;desktop&quot;,&quot;tablet&quot;]}],&quot;background_background&quot;:&quot;classic&quot;}\">\n\t\t\t\t\t\t<div class=\"elementor-container elementor-column-gap-default\">\n\t\t\t\t\t<div class=\"elementor-column elementor-col-50 elementor-top-column elementor-element elementor-element-d03124c\" data-id=\"d03124c\" data-element_type=\"column\" data-e-type=\"column\" data-settings=\"{&quot;background_background&quot;:&quot;classic&quot;}\">\n\t\t\t<div class=\"elementor-widget-wrap elementor-element-populated\">\n\t\t\t\t\t\t<div class=\"elementor-element elementor-element-0b79d62 elementor-widget elementor-widget-spacer\" data-id=\"0b79d62\" data-element_type=\"widget\" data-e-type=\"widget\" data-widget_type=\"spacer.default\">\n\t\t\t\t<div class=\"elementor-widget-container\">\n\t\t\t\t\t\t\t<div class=\"elementor-spacer\">\n\t\t\t<div class=\"elementor-spacer-inner\"><\/div>\n\t\t<\/div>\n\t\t\t\t\t\t<\/div>\n\t\t\t\t<\/div>\n\t\t\t\t\t<\/div>\n\t\t<\/div>\n\t\t\t\t<div class=\"elementor-column elementor-col-50 elementor-top-column elementor-element elementor-element-1afc4dc\" data-id=\"1afc4dc\" data-element_type=\"column\" data-e-type=\"column\">\n\t\t\t<div class=\"elementor-widget-wrap elementor-element-populated\">\n\t\t\t\t\t\t<div class=\"elementor-element elementor-element-57bbb11 elementor-align-left elementor-widget elementor-widget-raven-heading\" data-id=\"57bbb11\" data-element_type=\"widget\" data-e-type=\"widget\" data-widget_type=\"raven-heading.default\">\n\t\t\t\t<div class=\"elementor-widget-container\">\n\t\t\t\t\t\t\t<div class=\"raven-widget-wrapper\"><h2 class=\"raven-heading raven-heading-h2\"><span class=\"raven-heading-title \">Infrastruktur, \u00f6ffentliches und privates Bauwesen<\/span><\/h2><\/div>\n\t\t\t\t\t\t<\/div>\n\t\t\t\t<\/div>\n\t\t\t\t<div class=\"elementor-element elementor-element-ad2c9bf elementor-widget__width-initial elementor-widget elementor-widget-text-editor\" data-id=\"ad2c9bf\" data-element_type=\"widget\" data-e-type=\"widget\" data-widget_type=\"text-editor.default\">\n\t\t\t\t<div class=\"elementor-widget-container\">\n\t\t\t\t\t\t\t\t\t<p>Wir f\u00fchren f\u00fcr \u00f6ffentliche Einrichtungen und private Kunden Bau-, Abriss-, Instandhaltungs- und Renovierungsarbeiten an Geb\u00e4uden und Infrasrukturen durch.<\/p><ul><li>Wir haben Erfahrung im privaten Bauwesen. Wir sind die Referenz f\u00fcr gro\u00dfe Branchenunternehmen Norditaliens f\u00fcr den Bau von H\u00e4usern mit hoher Energieeffizienz und Klimah\u00e4user.<\/li><\/ul><p>Andere hochleistungsf\u00e4hige Bauweisen wie das ICF-Systems (Insulating Concrete Form) erm\u00f6glicht die Errichtung von Geb\u00e4uden mit hoher Energieeffizienz und guten D\u00e4mmeigenschaften. Zudem bietet das System eine hohe Widerstandsf\u00e4higkeit gegen\u00fcber \u00e4u\u00dferen Einfl\u00fcssen wie Feuer, Sturm und Schall.<\/p><ul><li>Im Bereich des \u00f6ffentlichen Bauwesens haben wir Neu- und Wiederaufbau, seismische Anpassung und Renovierungen von Banken, Schulen, Krankenh\u00e4usern und verschiedenen anderen \u00f6ffentlichen Einrichtungen durchgef\u00fchrt.<\/li><li>Im Bereich der \u00f6ffentlichen Bauwerke und Infrastruktur haben wir verschiedene Projekte f\u00fcr den Neu- und Umbau sowie Renovierung von Br\u00fccken, Viadukten, Stra\u00dfen, Staud\u00e4mmen usw. umgesetzt.<\/li><\/ul>\t\t\t\t\t\t\t\t<\/div>\n\t\t\t\t<\/div>\n\t\t\t\t\t<\/div>\n\t\t<\/div>\n\t\t\t\t\t<\/div>\n\t\t<\/section>\n\t\t\t\t<section class=\"elementor-section elementor-top-section elementor-element elementor-element-2683f3d elementor-section-full_width elementor-section-height-min-height elementor-section-height-default elementor-section-items-middle\" data-id=\"2683f3d\" data-element_type=\"section\" data-e-type=\"section\" id=\"acquedotti\" data-settings=\"{&quot;jet_parallax_layout_list&quot;:[{&quot;jet_parallax_layout_image&quot;:{&quot;url&quot;:&quot;&quot;,&quot;id&quot;:&quot;&quot;,&quot;size&quot;:&quot;&quot;},&quot;_id&quot;:&quot;aa021e0&quot;,&quot;jet_parallax_layout_image_tablet&quot;:{&quot;url&quot;:&quot;&quot;,&quot;id&quot;:&quot;&quot;,&quot;size&quot;:&quot;&quot;},&quot;jet_parallax_layout_image_mobile&quot;:{&quot;url&quot;:&quot;&quot;,&quot;id&quot;:&quot;&quot;,&quot;size&quot;:&quot;&quot;},&quot;jet_parallax_layout_speed&quot;:{&quot;unit&quot;:&quot;%&quot;,&quot;size&quot;:&quot;50&quot;,&quot;sizes&quot;:[]},&quot;jet_parallax_layout_bg_x&quot;:&quot;50&quot;,&quot;jet_parallax_layout_bg_y&quot;:&quot;50&quot;,&quot;jet_parallax_layout_type&quot;:&quot;scroll&quot;,&quot;jet_parallax_layout_direction&quot;:&quot;1&quot;,&quot;jet_parallax_layout_fx_direction&quot;:null,&quot;jet_parallax_layout_z_index&quot;:&quot;&quot;,&quot;jet_parallax_layout_bg_x_tablet&quot;:&quot;&quot;,&quot;jet_parallax_layout_bg_x_mobile&quot;:&quot;&quot;,&quot;jet_parallax_layout_bg_y_tablet&quot;:&quot;&quot;,&quot;jet_parallax_layout_bg_y_mobile&quot;:&quot;&quot;,&quot;jet_parallax_layout_bg_size&quot;:&quot;auto&quot;,&quot;jet_parallax_layout_bg_size_tablet&quot;:&quot;&quot;,&quot;jet_parallax_layout_bg_size_mobile&quot;:&quot;&quot;,&quot;jet_parallax_layout_animation_prop&quot;:&quot;transform&quot;,&quot;jet_parallax_layout_on&quot;:[&quot;desktop&quot;,&quot;tablet&quot;]}],&quot;background_background&quot;:&quot;classic&quot;}\">\n\t\t\t\t\t\t<div class=\"elementor-container elementor-column-gap-default\">\n\t\t\t\t\t<div class=\"elementor-column elementor-col-50 elementor-top-column elementor-element elementor-element-7f8e635\" data-id=\"7f8e635\" data-element_type=\"column\" data-e-type=\"column\">\n\t\t\t<div class=\"elementor-widget-wrap elementor-element-populated\">\n\t\t\t\t\t\t<div class=\"elementor-element elementor-element-f770b94 elementor-widget elementor-widget-spacer\" data-id=\"f770b94\" data-element_type=\"widget\" data-e-type=\"widget\" data-widget_type=\"spacer.default\">\n\t\t\t\t<div class=\"elementor-widget-container\">\n\t\t\t\t\t\t\t<div class=\"elementor-spacer\">\n\t\t\t<div class=\"elementor-spacer-inner\"><\/div>\n\t\t<\/div>\n\t\t\t\t\t\t<\/div>\n\t\t\t\t<\/div>\n\t\t\t\t\t<\/div>\n\t\t<\/div>\n\t\t\t\t<div class=\"elementor-column elementor-col-50 elementor-top-column elementor-element elementor-element-e76ef12\" data-id=\"e76ef12\" data-element_type=\"column\" data-e-type=\"column\" data-settings=\"{&quot;background_background&quot;:&quot;classic&quot;}\">\n\t\t\t<div class=\"elementor-widget-wrap elementor-element-populated\">\n\t\t\t\t\t\t<div class=\"elementor-element elementor-element-d734300 elementor-widget elementor-widget-spacer\" data-id=\"d734300\" data-element_type=\"widget\" data-e-type=\"widget\" data-widget_type=\"spacer.default\">\n\t\t\t\t<div class=\"elementor-widget-container\">\n\t\t\t\t\t\t\t<div class=\"elementor-spacer\">\n\t\t\t<div class=\"elementor-spacer-inner\"><\/div>\n\t\t<\/div>\n\t\t\t\t\t\t<\/div>\n\t\t\t\t<\/div>\n\t\t\t\t\t<\/div>\n\t\t<\/div>\n\t\t\t\t\t<\/div>\n\t\t<\/section>\n\t\t\t\t<section class=\"elementor-section elementor-top-section elementor-element elementor-element-36f771e elementor-section-full_width elementor-section-height-default elementor-section-height-default\" data-id=\"36f771e\" data-element_type=\"section\" data-e-type=\"section\" data-settings=\"{&quot;jet_parallax_layout_list&quot;:[]}\">\n\t\t\t\t\t\t<div class=\"elementor-container elementor-column-gap-default\">\n\t\t\t\t\t<div class=\"elementor-column elementor-col-33 elementor-top-column elementor-element elementor-element-08e4027 elementor-hidden-tablet elementor-hidden-mobile\" data-id=\"08e4027\" data-element_type=\"column\" data-e-type=\"column\">\n\t\t\t<div class=\"elementor-widget-wrap\">\n\t\t\t\t\t\t\t<\/div>\n\t\t<\/div>\n\t\t\t\t<div class=\"elementor-column elementor-col-33 elementor-top-column elementor-element elementor-element-d2c171d\" data-id=\"d2c171d\" data-element_type=\"column\" data-e-type=\"column\">\n\t\t\t<div class=\"elementor-widget-wrap elementor-element-populated\">\n\t\t\t\t\t\t<div class=\"elementor-element elementor-element-ad2a00e elementor-align-center elementor-mobile-align-center elementor-widget__width-inherit elementor-widget elementor-widget-raven-button\" data-id=\"ad2a00e\" data-element_type=\"widget\" data-e-type=\"widget\" data-settings=\"{&quot;turn_to_popup_action_button&quot;:&quot;no&quot;}\" data-widget_type=\"raven-button.default\">\n\t\t\t\t<div class=\"elementor-widget-container\">\n\t\t\t\t\t\t\t<div class=\"raven-widget-wrapper\">\n\t\t\t<a class=\"raven-button raven-button-widget-normal-effect-none  raven-button-text-align-center raven-button-link elementor-animation-none\" href=\"\/de\/zertifizierungen\/\">\t\t\t\t<div class=\"raven-button-overlay\" ><\/div>\n\t\t\t\t<span class=\"raven-button-content\">\n\t\t\t\t\t\n\t\t\t\t\t<div class=\"button-text-container\">\n\t\t\t\t\t\t\t\t\t\t\t\t<div class=\"raven-button-texts-wrapper\">\n\t\t\t\t\t\t\t<div class=\"button-text\">\n\t\t\t\t\t\t\t\t<span class=\"raven-button-text\">\n\t\t\t\t\t\t\t\t\tKonsultiere unsere Zertifikate\t\t\t\t\t\t\t\t<\/span>\n\t\t\t\t\t\t\t<\/div>\n\t\t\t\t\t\t\t\t\t\t\t\t\t<\/div>\n\t\t\t\t\t\t\t\t\t\t\t<\/div>\n\t\t\t\t\t\n\t\t\t\t\t\t\t\t\t<\/span>\n\t\t\t<\/a>\t\t<\/div>\n\t\t\t\t\t\t<\/div>\n\t\t\t\t<\/div>\n\t\t\t\t\t<\/div>\n\t\t<\/div>\n\t\t\t\t<div class=\"elementor-column elementor-col-33 elementor-top-column elementor-element elementor-element-b88cb78 elementor-hidden-tablet elementor-hidden-mobile\" data-id=\"b88cb78\" data-element_type=\"column\" data-e-type=\"column\">\n\t\t\t<div class=\"elementor-widget-wrap\">\n\t\t\t\t\t\t\t<\/div>\n\t\t<\/div>\n\t\t\t\t\t<\/div>\n\t\t<\/section>\n\t\t\t\t<section class=\"elementor-section elementor-top-section elementor-element elementor-element-d584cfe elementor-section-full_width elementor-section-height-default elementor-section-height-default\" data-id=\"d584cfe\" data-element_type=\"section\" data-e-type=\"section\" data-settings=\"{&quot;jet_parallax_layout_list&quot;:[]}\">\n\t\t\t\t\t\t<div class=\"elementor-container elementor-column-gap-no\">\n\t\t\t\t\t<div class=\"elementor-column elementor-col-100 elementor-top-column elementor-element elementor-element-d34508d\" data-id=\"d34508d\" data-element_type=\"column\" data-e-type=\"column\">\n\t\t\t<div class=\"elementor-widget-wrap elementor-element-populated\">\n\t\t\t\t\t\t<div class=\"elementor-element elementor-element-a40cb74 elementor-widget__width-auto elementor-tablet-align-center elementor-align-left elementor-widget elementor-widget-raven-heading\" data-id=\"a40cb74\" data-element_type=\"widget\" data-e-type=\"widget\" data-widget_type=\"raven-heading.default\">\n\t\t\t\t<div class=\"elementor-widget-container\">\n\t\t\t\t\t\t\t<div class=\"raven-widget-wrapper\"><h2 class=\"raven-heading raven-heading-h2\"><span class=\"raven-heading-title \">Erfahre mehr \u00fcber unsere <span style=\"color:#F9Ca03\">erfolgreichen Projekte<\/span><\/span><\/h2><\/div>\n\t\t\t\t\t\t<\/div>\n\t\t\t\t<\/div>\n\t\t\t\t<section class=\"elementor-section elementor-inner-section elementor-element elementor-element-5d463e5 elementor-section-boxed elementor-section-height-default elementor-section-height-default\" data-id=\"5d463e5\" data-element_type=\"section\" data-e-type=\"section\" data-settings=\"{&quot;jet_parallax_layout_list&quot;:[]}\">\n\t\t\t\t\t\t<div class=\"elementor-container elementor-column-gap-default\">\n\t\t\t\t\t<div class=\"elementor-column elementor-col-100 elementor-inner-column elementor-element elementor-element-08a893e\" data-id=\"08a893e\" data-element_type=\"column\" data-e-type=\"column\">\n\t\t\t<div class=\"elementor-widget-wrap elementor-element-populated\">\n\t\t\t\t\t\t<div class=\"elementor-element elementor-element-9d2a599 raven-hover-scale-down elementor-widget elementor-widget-raven-posts-carousel\" data-id=\"9d2a599\" data-element_type=\"widget\" data-e-type=\"widget\" data-settings=\"{&quot;query_posts_per_page&quot;:3,&quot;classic_post_image_hover_effect&quot;:&quot;scale-down&quot;,&quot;classic_load_effect&quot;:&quot;fade-in&quot;,&quot;classic_slides_view&quot;:&quot;2&quot;,&quot;_skin&quot;:&quot;classic&quot;,&quot;classic_slides_view_tablet&quot;:&quot;2&quot;,&quot;classic_slides_view_mobile&quot;:&quot;1&quot;,&quot;classic_slides_scroll&quot;:&quot;1&quot;,&quot;classic_slides_scroll_tablet&quot;:&quot;1&quot;,&quot;classic_slides_scroll_mobile&quot;:&quot;1&quot;,&quot;query_offset&quot;:0,&quot;classic_columns_space_between&quot;:{&quot;unit&quot;:&quot;px&quot;,&quot;size&quot;:30,&quot;sizes&quot;:[]},&quot;classic_columns_space_between_tablet&quot;:{&quot;unit&quot;:&quot;px&quot;,&quot;size&quot;:20,&quot;sizes&quot;:[]},&quot;classic_columns_space_between_mobile&quot;:{&quot;unit&quot;:&quot;px&quot;,&quot;size&quot;:10,&quot;sizes&quot;:[]}}\" data-widget_type=\"raven-posts-carousel.classic\">\n\t\t\t\t<div class=\"elementor-widget-container\">\n\t\t\t\t\t\t\t<div class=\"raven-posts-carousel raven-swiper-slider\">\n\t\t\t<div class=\"raven-posts-carousel-swiper-container swiper\">\n\t\t\t\t<div class=\"swiper-wrapper swiper-columns-2\" data-swiper='{&quot;rtl&quot;:false}'>\n\t\t\n\t\t<div class=\"swiper-slide\">\n\t\t\t<div class=\"raven-post-wrapper\">\n\t\t\t\t<div class=\"raven-post raven-posts-carousel-load-effect raven-post-carousel-effect-fade-in\">\n\t\t\t\t\t\t\t<div class=\"raven-post-image-wrap\">\n\t\t\t<span class=\"raven-post-image raven-image-fit\" ><img fetchpriority=\"high\" decoding=\"async\" width=\"1024\" height=\"576\" src=\"https:\/\/romeigroup.com\/wp-content\/uploads\/2023\/05\/8aa71a67-cc7f-42b8-9da3-0d574fcb515e-1024x576.jpg\" class=\"attachment-large size-large wp-image-5431\" alt=\"\" srcset=\"https:\/\/romeigroup.com\/wp-content\/uploads\/2023\/05\/8aa71a67-cc7f-42b8-9da3-0d574fcb515e-1024x576.jpg 1024w, https:\/\/romeigroup.com\/wp-content\/uploads\/2023\/05\/8aa71a67-cc7f-42b8-9da3-0d574fcb515e-300x169.jpg 300w, https:\/\/romeigroup.com\/wp-content\/uploads\/2023\/05\/8aa71a67-cc7f-42b8-9da3-0d574fcb515e-768x432.jpg 768w, https:\/\/romeigroup.com\/wp-content\/uploads\/2023\/05\/8aa71a67-cc7f-42b8-9da3-0d574fcb515e-1536x864.jpg 1536w, https:\/\/romeigroup.com\/wp-content\/uploads\/2023\/05\/8aa71a67-cc7f-42b8-9da3-0d574fcb515e.jpg 1600w\" sizes=\"(max-width: 1024px) 100vw, 1024px\" \/> <span class=\"raven-post-image-overlay\">\t\t<span class=\"raven-post-overlay-icons\" >\n\t\t\t\t\t\t<a class=\"raven-overlay-icon raven-overlay-permalink-icon\" href=\"https:\/\/romeigroup.com\/de\/portfolio\/projekt-fur-terna-in-italien-agnosine-bs-und-davagna-ge\/\">\n\t\t\t<svg xmlns=\"http:\/\/www.w3.org\/2000\/svg\" id=\"Livello_1\" viewBox=\"0 0 1000 1000\"><defs><style>.cls-1{fill:none;stroke:#f9ca03;stroke-miterlimit:10;stroke-width:26px;}<\/style><\/defs><polygon class=\"cls-1\" points=\"21.56 784.1 35.54 943.09 191.31 964.36 730.84 456.28 730.84 946.8 978.44 946.8 978.44 283.24 978.44 35.64 730.84 35.64 67.28 35.64 67.28 283.24 553.43 283.24 21.56 784.1\"><\/polygon><\/svg>\t\t<\/a>\n\t\t\t\t<\/span>\n\t\t<\/span><\/span>\t\t<\/div>\n\t\t\n\t\t\t\t\t<div class=\"raven-post-content\">\n\t\t\t\t\t\t<h3 class=\"raven-post-title\"><a class=\"raven-post-title-link\" href=\"https:\/\/romeigroup.com\/de\/portfolio\/projekt-fur-terna-in-italien-agnosine-bs-und-davagna-ge\/\">Projekt f\u00fcr Terna in Italien Agnosine (BS) und Davagna (GE)<\/a><\/h3>\t\t\t\t\t<\/div>\n\t\t\t\t<\/div>\n\t\t\t<\/div>\n\t\t<\/div>\n\t\t\n\t\t<div class=\"swiper-slide\">\n\t\t\t<div class=\"raven-post-wrapper\">\n\t\t\t\t<div class=\"raven-post raven-posts-carousel-load-effect raven-post-carousel-effect-fade-in\">\n\t\t\t\t\t\t\t<div class=\"raven-post-image-wrap\">\n\t\t\t<span class=\"raven-post-image raven-image-fit\" ><img decoding=\"async\" width=\"1024\" height=\"576\" src=\"https:\/\/romeigroup.com\/wp-content\/uploads\/2019\/09\/457b0fb9-ebc5-407e-b200-bfb115d2a52a-1024x576.jpg\" class=\"attachment-large size-large wp-image-5415\" alt=\"\" srcset=\"https:\/\/romeigroup.com\/wp-content\/uploads\/2019\/09\/457b0fb9-ebc5-407e-b200-bfb115d2a52a-1024x576.jpg 1024w, https:\/\/romeigroup.com\/wp-content\/uploads\/2019\/09\/457b0fb9-ebc5-407e-b200-bfb115d2a52a-300x169.jpg 300w, https:\/\/romeigroup.com\/wp-content\/uploads\/2019\/09\/457b0fb9-ebc5-407e-b200-bfb115d2a52a-768x432.jpg 768w, https:\/\/romeigroup.com\/wp-content\/uploads\/2019\/09\/457b0fb9-ebc5-407e-b200-bfb115d2a52a-1536x864.jpg 1536w, https:\/\/romeigroup.com\/wp-content\/uploads\/2019\/09\/457b0fb9-ebc5-407e-b200-bfb115d2a52a.jpg 1600w\" sizes=\"(max-width: 1024px) 100vw, 1024px\" \/> <span class=\"raven-post-image-overlay\">\t\t<span class=\"raven-post-overlay-icons\" >\n\t\t\t\t\t\t<a class=\"raven-overlay-icon raven-overlay-permalink-icon\" href=\"https:\/\/romeigroup.com\/de\/portfolio\/stromleitungen-in-osterreich-fur-apg\/\">\n\t\t\t<svg xmlns=\"http:\/\/www.w3.org\/2000\/svg\" id=\"Livello_1\" viewBox=\"0 0 1000 1000\"><defs><style>.cls-1{fill:none;stroke:#f9ca03;stroke-miterlimit:10;stroke-width:26px;}<\/style><\/defs><polygon class=\"cls-1\" points=\"21.56 784.1 35.54 943.09 191.31 964.36 730.84 456.28 730.84 946.8 978.44 946.8 978.44 283.24 978.44 35.64 730.84 35.64 67.28 35.64 67.28 283.24 553.43 283.24 21.56 784.1\"><\/polygon><\/svg>\t\t<\/a>\n\t\t\t\t<\/span>\n\t\t<\/span><\/span>\t\t<\/div>\n\t\t\n\t\t\t\t\t<div class=\"raven-post-content\">\n\t\t\t\t\t\t<h3 class=\"raven-post-title\"><a class=\"raven-post-title-link\" href=\"https:\/\/romeigroup.com\/de\/portfolio\/stromleitungen-in-osterreich-fur-apg\/\">Stromleitungen in \u00d6sterreich f\u00fcr APG<\/a><\/h3>\t\t\t\t\t<\/div>\n\t\t\t\t<\/div>\n\t\t\t<\/div>\n\t\t<\/div>\n\t\t\t\t\t\t<\/div>\n\t\t<div class=\"swiper-pagination swiper-pager-outside bullets-pagination-type\"><\/div>\n\t\t<\/div>\n\n\t\t\t\n\t\t<\/div>\n\t\t\t\t\t\t<\/div>\n\t\t\t\t<\/div>\n\t\t\t\t\t<\/div>\n\t\t<\/div>\n\t\t\t\t\t<\/div>\n\t\t<\/section>\n\t\t\t\t<div class=\"elementor-element elementor-element-87e4962 elementor-align-center elementor-mobile-align-center elementor-widget__width-inherit elementor-widget-tablet__width-auto elementor-widget-mobile__width-auto elementor-widget elementor-widget-raven-button\" data-id=\"87e4962\" data-element_type=\"widget\" data-e-type=\"widget\" data-settings=\"{&quot;turn_to_popup_action_button&quot;:&quot;no&quot;}\" data-widget_type=\"raven-button.default\">\n\t\t\t\t<div class=\"elementor-widget-container\">\n\t\t\t\t\t\t\t<div class=\"raven-widget-wrapper\">\n\t\t\t<a class=\"raven-button raven-button-widget-normal-effect-none  raven-button-text-align-center raven-button-link elementor-animation-none\" href=\"\/de\/erfolgreiche-projekte\/\">\t\t\t\t<div class=\"raven-button-overlay\" ><\/div>\n\t\t\t\t<span class=\"raven-button-content\">\n\t\t\t\t\t\n\t\t\t\t\t<div class=\"button-text-container\">\n\t\t\t\t\t\t\t\t\t\t\t\t<div class=\"raven-button-texts-wrapper\">\n\t\t\t\t\t\t\t<div class=\"button-text\">\n\t\t\t\t\t\t\t\t<span class=\"raven-button-text\">\n\t\t\t\t\t\t\t\t\tAlle unsere Projekte\t\t\t\t\t\t\t\t<\/span>\n\t\t\t\t\t\t\t<\/div>\n\t\t\t\t\t\t\t\t\t\t\t\t\t<\/div>\n\t\t\t\t\t\t\t\t\t\t\t<\/div>\n\t\t\t\t\t\n\t\t\t\t\t\t\t\t\t<\/span>\n\t\t\t<\/a>\t\t<\/div>\n\t\t\t\t\t\t<\/div>\n\t\t\t\t<\/div>\n\t\t\t\t\t<\/div>\n\t\t<\/div>\n\t\t\t\t\t<\/div>\n\t\t<\/section>\n\t\t\t\t<\/div>\n\t\t","protected":false},"excerpt":{"rendered":"<p>Bauarbeiten Infrastruktur, \u00f6ffentliches und privates Bauwesen Wir f\u00fchren f\u00fcr \u00f6ffentliche Einrichtungen und private Kunden Bau-, Abriss-, Instandhaltungs- und Renovierungsarbeiten an Geb\u00e4uden und Infrasrukturen durch. Wir haben Erfahrung im privaten Bauwesen. Wir sind die Referenz f\u00fcr gro\u00dfe Branchenunternehmen Norditaliens f\u00fcr den Bau von H\u00e4usern mit hoher Energieeffizienz und Klimah\u00e4user. Andere hochleistungsf\u00e4hige Bauweisen wie das ICF-Systems (Insulating [&hellip;]<\/p>\n","protected":false},"author":1,"featured_media":0,"parent":5928,"menu_order":0,"comment_status":"closed","ping_status":"closed","template":"elementor_header_footer","meta":{"_acf_changed":false,"footnotes":""},"class_list":["post-6009","page","type-page","status-publish","hentry"],"acf":[],"_links":{"self":[{"href":"https:\/\/romeigroup.com\/de\/wp-json\/wp\/v2\/pages\/6009","targetHints":{"allow":["GET"]}}],"collection":[{"href":"https:\/\/romeigroup.com\/de\/wp-json\/wp\/v2\/pages"}],"about":[{"href":"https:\/\/romeigroup.com\/de\/wp-json\/wp\/v2\/types\/page"}],"author":[{"embeddable":true,"href":"https:\/\/romeigroup.com\/de\/wp-json\/wp\/v2\/users\/1"}],"replies":[{"embeddable":true,"href":"https:\/\/romeigroup.com\/de\/wp-json\/wp\/v2\/comments?post=6009"}],"version-history":[{"count":9,"href":"https:\/\/romeigroup.com\/de\/wp-json\/wp\/v2\/pages\/6009\/revisions"}],"predecessor-version":[{"id":6097,"href":"https:\/\/romeigroup.com\/de\/wp-json\/wp\/v2\/pages\/6009\/revisions\/6097"}],"up":[{"embeddable":true,"href":"https:\/\/romeigroup.com\/de\/wp-json\/wp\/v2\/pages\/5928"}],"wp:attachment":[{"href":"https:\/\/romeigroup.com\/de\/wp-json\/wp\/v2\/media?parent=6009"}],"curies":[{"name":"wp","href":"https:\/\/api.w.org\/{rel}","templated":true}]}}