{"id":6007,"date":"2023-05-21T17:05:10","date_gmt":"2023-05-21T15:05:10","guid":{"rendered":"https:\/\/romeigroup.com\/bereiche\/calamita-naturali\/"},"modified":"2023-07-19T09:41:15","modified_gmt":"2023-07-19T07:41:15","slug":"naturkatastrophen","status":"publish","type":"page","link":"https:\/\/romeigroup.com\/de\/bereiche\/naturkatastrophen\/","title":{"rendered":"Naturkatastrophen"},"content":{"rendered":"\t\t<div data-elementor-type=\"wp-post\" data-elementor-id=\"6007\" class=\"elementor elementor-6007 elementor-1832\">\n\t\t\t\t\t\t<section class=\"elementor-section elementor-top-section elementor-element elementor-element-5bd5d7a elementor-section-stretched elementor-section-height-min-height elementor-section-boxed elementor-section-height-default elementor-section-items-middle\" data-id=\"5bd5d7a\" data-element_type=\"section\" data-e-type=\"section\" data-settings=\"{&quot;stretch_section&quot;:&quot;section-stretched&quot;,&quot;jet_parallax_layout_list&quot;:[{&quot;jet_parallax_layout_image&quot;:{&quot;url&quot;:&quot;&quot;,&quot;id&quot;:&quot;&quot;,&quot;size&quot;:&quot;&quot;},&quot;_id&quot;:&quot;f146a20&quot;,&quot;jet_parallax_layout_image_tablet&quot;:{&quot;url&quot;:&quot;&quot;,&quot;id&quot;:&quot;&quot;,&quot;size&quot;:&quot;&quot;},&quot;jet_parallax_layout_image_mobile&quot;:{&quot;url&quot;:&quot;&quot;,&quot;id&quot;:&quot;&quot;,&quot;size&quot;:&quot;&quot;},&quot;jet_parallax_layout_speed&quot;:{&quot;unit&quot;:&quot;%&quot;,&quot;size&quot;:&quot;50&quot;,&quot;sizes&quot;:[]},&quot;jet_parallax_layout_bg_x&quot;:&quot;50&quot;,&quot;jet_parallax_layout_bg_y&quot;:&quot;50&quot;,&quot;jet_parallax_layout_type&quot;:&quot;scroll&quot;,&quot;jet_parallax_layout_direction&quot;:&quot;1&quot;,&quot;jet_parallax_layout_fx_direction&quot;:null,&quot;jet_parallax_layout_z_index&quot;:&quot;&quot;,&quot;jet_parallax_layout_bg_x_tablet&quot;:&quot;&quot;,&quot;jet_parallax_layout_bg_x_mobile&quot;:&quot;&quot;,&quot;jet_parallax_layout_bg_y_tablet&quot;:&quot;&quot;,&quot;jet_parallax_layout_bg_y_mobile&quot;:&quot;&quot;,&quot;jet_parallax_layout_bg_size&quot;:&quot;auto&quot;,&quot;jet_parallax_layout_bg_size_tablet&quot;:&quot;&quot;,&quot;jet_parallax_layout_bg_size_mobile&quot;:&quot;&quot;,&quot;jet_parallax_layout_animation_prop&quot;:&quot;transform&quot;,&quot;jet_parallax_layout_on&quot;:[&quot;desktop&quot;,&quot;tablet&quot;]}],&quot;background_background&quot;:&quot;classic&quot;}\">\n\t\t\t\t\t\t\t<div class=\"elementor-background-overlay\"><\/div>\n\t\t\t\t\t\t\t<div class=\"elementor-container elementor-column-gap-default\">\n\t\t\t\t\t<div class=\"elementor-column elementor-col-100 elementor-top-column elementor-element elementor-element-c1a9bb7\" data-id=\"c1a9bb7\" data-element_type=\"column\" data-e-type=\"column\">\n\t\t\t<div class=\"elementor-widget-wrap elementor-element-populated\">\n\t\t\t\t\t\t<div class=\"elementor-element elementor-element-ba08324 elementor-align-center elementor-widget elementor-widget-raven-heading\" data-id=\"ba08324\" data-element_type=\"widget\" data-e-type=\"widget\" data-widget_type=\"raven-heading.default\">\n\t\t\t\t<div class=\"elementor-widget-container\">\n\t\t\t\t\t\t\t<div class=\"raven-widget-wrapper\"><h1 class=\"raven-heading raven-heading-h1\"><span class=\"raven-heading-title \">Notfalleins\u00e4tze nach Naturkatastrophen<\/span><\/h1><\/div>\n\t\t\t\t\t\t<\/div>\n\t\t\t\t<\/div>\n\t\t\t\t\t<\/div>\n\t\t<\/div>\n\t\t\t\t\t<\/div>\n\t\t<\/section>\n\t\t\t\t<section class=\"elementor-section elementor-top-section elementor-element elementor-element-ff4ac4a elementor-section-full_width elementor-section-height-min-height elementor-section-items-stretch elementor-section-height-default\" data-id=\"ff4ac4a\" data-element_type=\"section\" data-e-type=\"section\" id=\"instabilitat\" data-settings=\"{&quot;jet_parallax_layout_list&quot;:[{&quot;jet_parallax_layout_image&quot;:{&quot;url&quot;:&quot;&quot;,&quot;id&quot;:&quot;&quot;,&quot;size&quot;:&quot;&quot;},&quot;_id&quot;:&quot;aa021e0&quot;,&quot;jet_parallax_layout_image_tablet&quot;:{&quot;url&quot;:&quot;&quot;,&quot;id&quot;:&quot;&quot;,&quot;size&quot;:&quot;&quot;},&quot;jet_parallax_layout_image_mobile&quot;:{&quot;url&quot;:&quot;&quot;,&quot;id&quot;:&quot;&quot;,&quot;size&quot;:&quot;&quot;},&quot;jet_parallax_layout_speed&quot;:{&quot;unit&quot;:&quot;%&quot;,&quot;size&quot;:&quot;50&quot;,&quot;sizes&quot;:[]},&quot;jet_parallax_layout_bg_x&quot;:&quot;50&quot;,&quot;jet_parallax_layout_bg_y&quot;:&quot;50&quot;,&quot;jet_parallax_layout_type&quot;:&quot;scroll&quot;,&quot;jet_parallax_layout_direction&quot;:&quot;1&quot;,&quot;jet_parallax_layout_fx_direction&quot;:null,&quot;jet_parallax_layout_z_index&quot;:&quot;&quot;,&quot;jet_parallax_layout_bg_x_tablet&quot;:&quot;&quot;,&quot;jet_parallax_layout_bg_x_mobile&quot;:&quot;&quot;,&quot;jet_parallax_layout_bg_y_tablet&quot;:&quot;&quot;,&quot;jet_parallax_layout_bg_y_mobile&quot;:&quot;&quot;,&quot;jet_parallax_layout_bg_size&quot;:&quot;auto&quot;,&quot;jet_parallax_layout_bg_size_tablet&quot;:&quot;&quot;,&quot;jet_parallax_layout_bg_size_mobile&quot;:&quot;&quot;,&quot;jet_parallax_layout_animation_prop&quot;:&quot;transform&quot;,&quot;jet_parallax_layout_on&quot;:[&quot;desktop&quot;,&quot;tablet&quot;]}],&quot;background_background&quot;:&quot;classic&quot;}\">\n\t\t\t\t\t\t<div class=\"elementor-container elementor-column-gap-default\">\n\t\t\t\t\t<div class=\"elementor-column elementor-col-50 elementor-top-column elementor-element elementor-element-1afc4dc\" data-id=\"1afc4dc\" data-element_type=\"column\" data-e-type=\"column\">\n\t\t\t<div class=\"elementor-widget-wrap elementor-element-populated\">\n\t\t\t\t\t\t<div class=\"elementor-element elementor-element-57bbb11 elementor-align-left elementor-widget elementor-widget-raven-heading\" data-id=\"57bbb11\" data-element_type=\"widget\" data-e-type=\"widget\" data-widget_type=\"raven-heading.default\">\n\t\t\t\t<div class=\"elementor-widget-container\">\n\t\t\t\t\t\t\t<div class=\"raven-widget-wrapper\"><h2 class=\"raven-heading raven-heading-h2\"><span class=\"raven-heading-title \">L\u00f6sungen f\u00fcr <span style=\"color:#f9ca0b\">hydrogeologischen Gefahren<\/span> und Sch\u00e4den<\/span><\/h2><\/div>\n\t\t\t\t\t\t<\/div>\n\t\t\t\t<\/div>\n\t\t\t\t<div class=\"elementor-element elementor-element-2f1d272 elementor-widget__width-initial elementor-widget elementor-widget-text-editor\" data-id=\"2f1d272\" data-element_type=\"widget\" data-e-type=\"widget\" data-widget_type=\"text-editor.default\">\n\t\t\t\t<div class=\"elementor-widget-container\">\n\t\t\t\t\t\t\t\t\t<p>Unser dynamisches und stets gut ausger\u00fcstetes Team ist f\u00fcr jeden Notfall einsatzbereit:<\/p><p>Kranwagen und gel\u00e4ndeg\u00e4ngige Zugmaschinen, Kipper, Bagger von 1 bis 30 Tonnen, Spinnenbagger mit Bohrmasten, Stromaggregate, hubschraubertaugliche Arbeitsger\u00e4te, um bei Erdrutschen und \u00dcberschwemmungen sofort einzugreifen.<\/p><p>\u00a0<\/p><p>Im Laufe der Jahre haben wir uns auf vorl\u00e4ufige als auch dauerhafte Erst- und Sicherungsma\u00dfnahmen spezialisiert,<\/p><ul><li>Steinschlagschutzw\u00e4nde und Felsfallnetze<\/li><li>Lawinenschutzd\u00e4mme<\/li><li>UX-Debris Flow Barrieren zur Eind\u00e4mmung von Murenabg\u00e4ngen<\/li><li>St\u00fctzmauern und B\u00f6schensicherung auch in steilen Hanglagen mit -SpC- (Spritz Beton) Stahlbeton und Verankerung mit selbstbohrenden Stabankern Typ IBO &#8211; ANKER<\/li><li>Naturgetreue Bauwerke aller Art, wobei bei den verschiedenen L\u00f6sungsarten die Integration in die Umgebung, wenn m\u00f6glich, gew\u00e4hrleistet wird.<\/li><\/ul><p>Wir f\u00fchren alle Arbeiten in v\u00f6lliger Autonomie unter allen logistischen Bedingungen und Schwierigkeitsgraden durch<\/p>\t\t\t\t\t\t\t\t<\/div>\n\t\t\t\t<\/div>\n\t\t\t\t\t<\/div>\n\t\t<\/div>\n\t\t\t\t<div class=\"elementor-column elementor-col-50 elementor-top-column elementor-element elementor-element-ca471a7\" data-id=\"ca471a7\" data-element_type=\"column\" data-e-type=\"column\" data-settings=\"{&quot;background_background&quot;:&quot;classic&quot;}\">\n\t\t\t<div class=\"elementor-widget-wrap elementor-element-populated\">\n\t\t\t\t\t\t<div class=\"elementor-element elementor-element-be7125a elementor-widget elementor-widget-spacer\" data-id=\"be7125a\" data-element_type=\"widget\" data-e-type=\"widget\" data-widget_type=\"spacer.default\">\n\t\t\t\t<div class=\"elementor-widget-container\">\n\t\t\t\t\t\t\t<div class=\"elementor-spacer\">\n\t\t\t<div class=\"elementor-spacer-inner\"><\/div>\n\t\t<\/div>\n\t\t\t\t\t\t<\/div>\n\t\t\t\t<\/div>\n\t\t\t\t\t<\/div>\n\t\t<\/div>\n\t\t\t\t\t<\/div>\n\t\t<\/section>\n\t\t\t\t<section class=\"elementor-section elementor-top-section elementor-element elementor-element-1be8fbb elementor-section-full_width elementor-section-height-min-height elementor-reverse-tablet elementor-reverse-mobile elementor-section-height-default elementor-section-items-middle\" data-id=\"1be8fbb\" data-element_type=\"section\" data-e-type=\"section\" id=\"naturalistiche\" data-settings=\"{&quot;jet_parallax_layout_list&quot;:[{&quot;jet_parallax_layout_image&quot;:{&quot;url&quot;:&quot;&quot;,&quot;id&quot;:&quot;&quot;,&quot;size&quot;:&quot;&quot;},&quot;_id&quot;:&quot;aa021e0&quot;,&quot;jet_parallax_layout_image_tablet&quot;:{&quot;url&quot;:&quot;&quot;,&quot;id&quot;:&quot;&quot;,&quot;size&quot;:&quot;&quot;},&quot;jet_parallax_layout_image_mobile&quot;:{&quot;url&quot;:&quot;&quot;,&quot;id&quot;:&quot;&quot;,&quot;size&quot;:&quot;&quot;},&quot;jet_parallax_layout_speed&quot;:{&quot;unit&quot;:&quot;%&quot;,&quot;size&quot;:&quot;50&quot;,&quot;sizes&quot;:[]},&quot;jet_parallax_layout_bg_x&quot;:&quot;50&quot;,&quot;jet_parallax_layout_bg_y&quot;:&quot;50&quot;,&quot;jet_parallax_layout_type&quot;:&quot;scroll&quot;,&quot;jet_parallax_layout_direction&quot;:&quot;1&quot;,&quot;jet_parallax_layout_fx_direction&quot;:null,&quot;jet_parallax_layout_z_index&quot;:&quot;&quot;,&quot;jet_parallax_layout_bg_x_tablet&quot;:&quot;&quot;,&quot;jet_parallax_layout_bg_x_mobile&quot;:&quot;&quot;,&quot;jet_parallax_layout_bg_y_tablet&quot;:&quot;&quot;,&quot;jet_parallax_layout_bg_y_mobile&quot;:&quot;&quot;,&quot;jet_parallax_layout_bg_size&quot;:&quot;auto&quot;,&quot;jet_parallax_layout_bg_size_tablet&quot;:&quot;&quot;,&quot;jet_parallax_layout_bg_size_mobile&quot;:&quot;&quot;,&quot;jet_parallax_layout_animation_prop&quot;:&quot;transform&quot;,&quot;jet_parallax_layout_on&quot;:[&quot;desktop&quot;,&quot;tablet&quot;]}],&quot;background_background&quot;:&quot;classic&quot;}\">\n\t\t\t\t\t\t<div class=\"elementor-container elementor-column-gap-default\">\n\t\t\t\t\t<div class=\"elementor-column elementor-col-50 elementor-top-column elementor-element elementor-element-7d11a95\" data-id=\"7d11a95\" data-element_type=\"column\" data-e-type=\"column\" data-settings=\"{&quot;background_background&quot;:&quot;classic&quot;}\">\n\t\t\t<div class=\"elementor-widget-wrap elementor-element-populated\">\n\t\t\t\t\t\t<div class=\"elementor-element elementor-element-a8310eb elementor-widget elementor-widget-spacer\" data-id=\"a8310eb\" data-element_type=\"widget\" data-e-type=\"widget\" data-widget_type=\"spacer.default\">\n\t\t\t\t<div class=\"elementor-widget-container\">\n\t\t\t\t\t\t\t<div class=\"elementor-spacer\">\n\t\t\t<div class=\"elementor-spacer-inner\"><\/div>\n\t\t<\/div>\n\t\t\t\t\t\t<\/div>\n\t\t\t\t<\/div>\n\t\t\t\t\t<\/div>\n\t\t<\/div>\n\t\t\t\t<div class=\"elementor-column elementor-col-50 elementor-top-column elementor-element elementor-element-340b745\" data-id=\"340b745\" data-element_type=\"column\" data-e-type=\"column\">\n\t\t\t<div class=\"elementor-widget-wrap elementor-element-populated\">\n\t\t\t\t\t\t<div class=\"elementor-element elementor-element-581ba8e elementor-align-left elementor-widget elementor-widget-raven-heading\" data-id=\"581ba8e\" data-element_type=\"widget\" data-e-type=\"widget\" data-widget_type=\"raven-heading.default\">\n\t\t\t\t<div class=\"elementor-widget-container\">\n\t\t\t\t\t\t\t<div class=\"raven-widget-wrapper\"><h2 class=\"raven-heading raven-heading-h2\"><span class=\"raven-heading-title \"><span style=\"color:#f9ca0b\">Naturnahe<\/span> Ingenieurbauten<\/span><\/h2><\/div>\n\t\t\t\t\t\t<\/div>\n\t\t\t\t<\/div>\n\t\t\t\t<div class=\"elementor-element elementor-element-8bde51c elementor-widget__width-initial elementor-widget elementor-widget-text-editor\" data-id=\"8bde51c\" data-element_type=\"widget\" data-e-type=\"widget\" data-widget_type=\"text-editor.default\">\n\t\t\t\t<div class=\"elementor-widget-container\">\n\t\t\t\t\t\t\t\t\t<p>Ma\u00dfnahmen der naturnahen Ingenieurbauweise zur Stabilisierung und Sanierung von H\u00e4ngen, unter Ber\u00fccksichtigung verschiedener Umsetzungsm\u00f6glichkeiten im Hinblick auf die Integration des Projekts in die Umwelt<\/p><p>Unsere Spezialausr\u00fcstung erlaubt uns eigenst\u00e4ndig Sicherungsarbeiten an, Erdrutsch bedrohten H\u00e4ngen, durchzuf\u00fchren.<\/p><p>\u00a0<\/p><p>Wir verwirklichen Hangsicherung durch doppelte oder einfache Holzpfahlsicherung, Flechtwerk, Entw\u00e4sserungskan\u00e4le aus Holz oder Stahl, Mauerwerk aus Zyklopenbl\u00f6cken und Gabionen sowie bewehrte Erde.<\/p>\t\t\t\t\t\t\t\t<\/div>\n\t\t\t\t<\/div>\n\t\t\t\t\t<\/div>\n\t\t<\/div>\n\t\t\t\t\t<\/div>\n\t\t<\/section>\n\t\t\t\t<section class=\"elementor-section elementor-top-section elementor-element elementor-element-bf1116e elementor-section-full_width elementor-section-height-default elementor-section-height-default\" data-id=\"bf1116e\" data-element_type=\"section\" data-e-type=\"section\" data-settings=\"{&quot;jet_parallax_layout_list&quot;:[]}\">\n\t\t\t\t\t\t<div class=\"elementor-container elementor-column-gap-default\">\n\t\t\t\t\t<div class=\"elementor-column elementor-col-33 elementor-top-column elementor-element elementor-element-671c3f8 elementor-hidden-tablet elementor-hidden-mobile\" data-id=\"671c3f8\" data-element_type=\"column\" data-e-type=\"column\">\n\t\t\t<div class=\"elementor-widget-wrap\">\n\t\t\t\t\t\t\t<\/div>\n\t\t<\/div>\n\t\t\t\t<div class=\"elementor-column elementor-col-33 elementor-top-column elementor-element elementor-element-ed67686\" data-id=\"ed67686\" data-element_type=\"column\" data-e-type=\"column\">\n\t\t\t<div class=\"elementor-widget-wrap elementor-element-populated\">\n\t\t\t\t\t\t<div class=\"elementor-element elementor-element-71d979f elementor-align-center elementor-mobile-align-center elementor-widget__width-inherit elementor-widget elementor-widget-raven-button\" data-id=\"71d979f\" data-element_type=\"widget\" data-e-type=\"widget\" data-settings=\"{&quot;turn_to_popup_action_button&quot;:&quot;no&quot;}\" data-widget_type=\"raven-button.default\">\n\t\t\t\t<div class=\"elementor-widget-container\">\n\t\t\t\t\t\t\t<div class=\"raven-widget-wrapper\">\n\t\t\t<a class=\"raven-button raven-button-widget-normal-effect-none  raven-button-text-align-center raven-button-link elementor-animation-none\" href=\"\/de\/zertifizierungen\/\">\t\t\t\t<div class=\"raven-button-overlay\" ><\/div>\n\t\t\t\t<span class=\"raven-button-content\">\n\t\t\t\t\t\n\t\t\t\t\t<div class=\"button-text-container\">\n\t\t\t\t\t\t\t\t\t\t\t\t<div class=\"raven-button-texts-wrapper\">\n\t\t\t\t\t\t\t<div class=\"button-text\">\n\t\t\t\t\t\t\t\t<span class=\"raven-button-text\">\n\t\t\t\t\t\t\t\t\tKonsultiere unsere Zertifikate\t\t\t\t\t\t\t\t<\/span>\n\t\t\t\t\t\t\t<\/div>\n\t\t\t\t\t\t\t\t\t\t\t\t\t<\/div>\n\t\t\t\t\t\t\t\t\t\t\t<\/div>\n\t\t\t\t\t\n\t\t\t\t\t\t\t\t\t<\/span>\n\t\t\t<\/a>\t\t<\/div>\n\t\t\t\t\t\t<\/div>\n\t\t\t\t<\/div>\n\t\t\t\t\t<\/div>\n\t\t<\/div>\n\t\t\t\t<div class=\"elementor-column elementor-col-33 elementor-top-column elementor-element elementor-element-360c815 elementor-hidden-tablet elementor-hidden-mobile\" data-id=\"360c815\" data-element_type=\"column\" data-e-type=\"column\">\n\t\t\t<div class=\"elementor-widget-wrap\">\n\t\t\t\t\t\t\t<\/div>\n\t\t<\/div>\n\t\t\t\t\t<\/div>\n\t\t<\/section>\n\t\t\t\t<section class=\"elementor-section elementor-top-section elementor-element elementor-element-8b83869 elementor-section-full_width elementor-section-height-default elementor-section-height-default\" data-id=\"8b83869\" data-element_type=\"section\" data-e-type=\"section\" data-settings=\"{&quot;jet_parallax_layout_list&quot;:[]}\">\n\t\t\t\t\t\t<div class=\"elementor-container elementor-column-gap-no\">\n\t\t\t\t\t<div class=\"elementor-column elementor-col-100 elementor-top-column elementor-element elementor-element-df48a32\" data-id=\"df48a32\" data-element_type=\"column\" data-e-type=\"column\">\n\t\t\t<div class=\"elementor-widget-wrap elementor-element-populated\">\n\t\t\t\t\t\t<div class=\"elementor-element elementor-element-21c4d8e elementor-widget__width-auto elementor-tablet-align-center elementor-align-left elementor-widget elementor-widget-raven-heading\" data-id=\"21c4d8e\" data-element_type=\"widget\" data-e-type=\"widget\" data-widget_type=\"raven-heading.default\">\n\t\t\t\t<div class=\"elementor-widget-container\">\n\t\t\t\t\t\t\t<div class=\"raven-widget-wrapper\"><h2 class=\"raven-heading raven-heading-h2\"><span class=\"raven-heading-title \">Erfahre mehr \u00fcber unsere <span style=\"color:#F9Ca03\">erfolgreichen Projekte<\/span><\/span><\/h2><\/div>\n\t\t\t\t\t\t<\/div>\n\t\t\t\t<\/div>\n\t\t\t\t<section class=\"elementor-section elementor-inner-section elementor-element elementor-element-bc26928 elementor-section-boxed elementor-section-height-default elementor-section-height-default\" data-id=\"bc26928\" data-element_type=\"section\" data-e-type=\"section\" data-settings=\"{&quot;jet_parallax_layout_list&quot;:[]}\">\n\t\t\t\t\t\t<div class=\"elementor-container elementor-column-gap-default\">\n\t\t\t\t\t<div class=\"elementor-column elementor-col-100 elementor-inner-column elementor-element elementor-element-41af3bb\" data-id=\"41af3bb\" data-element_type=\"column\" data-e-type=\"column\">\n\t\t\t<div class=\"elementor-widget-wrap elementor-element-populated\">\n\t\t\t\t\t\t<div class=\"elementor-element elementor-element-1bb8e3c raven-hover-scale-down elementor-widget elementor-widget-raven-posts-carousel\" data-id=\"1bb8e3c\" data-element_type=\"widget\" data-e-type=\"widget\" data-settings=\"{&quot;query_posts_per_page&quot;:3,&quot;classic_post_image_hover_effect&quot;:&quot;scale-down&quot;,&quot;classic_load_effect&quot;:&quot;fade-in&quot;,&quot;classic_slides_view&quot;:&quot;2&quot;,&quot;_skin&quot;:&quot;classic&quot;,&quot;classic_slides_view_tablet&quot;:&quot;2&quot;,&quot;classic_slides_view_mobile&quot;:&quot;1&quot;,&quot;classic_slides_scroll&quot;:&quot;1&quot;,&quot;classic_slides_scroll_tablet&quot;:&quot;1&quot;,&quot;classic_slides_scroll_mobile&quot;:&quot;1&quot;,&quot;query_offset&quot;:0,&quot;classic_columns_space_between&quot;:{&quot;unit&quot;:&quot;px&quot;,&quot;size&quot;:30,&quot;sizes&quot;:[]},&quot;classic_columns_space_between_tablet&quot;:{&quot;unit&quot;:&quot;px&quot;,&quot;size&quot;:20,&quot;sizes&quot;:[]},&quot;classic_columns_space_between_mobile&quot;:{&quot;unit&quot;:&quot;px&quot;,&quot;size&quot;:10,&quot;sizes&quot;:[]}}\" data-widget_type=\"raven-posts-carousel.classic\">\n\t\t\t\t<div class=\"elementor-widget-container\">\n\t\t\t\t\t\t\t<div class=\"raven-posts-carousel raven-swiper-slider\">\n\t\t\t<div class=\"raven-posts-carousel-swiper-container swiper\">\n\t\t\t\t<div class=\"swiper-wrapper swiper-columns-2\" data-swiper='{&quot;rtl&quot;:false}'>\n\t\t\n\t\t<div class=\"swiper-slide\">\n\t\t\t<div class=\"raven-post-wrapper\">\n\t\t\t\t<div class=\"raven-post raven-posts-carousel-load-effect raven-post-carousel-effect-fade-in\">\n\t\t\t\t\t\t\t<div class=\"raven-post-image-wrap\">\n\t\t\t<span class=\"raven-post-image raven-image-fit\" ><img fetchpriority=\"high\" decoding=\"async\" width=\"1024\" height=\"576\" src=\"https:\/\/romeigroup.com\/wp-content\/uploads\/2023\/05\/8aa71a67-cc7f-42b8-9da3-0d574fcb515e-1024x576.jpg\" class=\"attachment-large size-large wp-image-5431\" alt=\"\" srcset=\"https:\/\/romeigroup.com\/wp-content\/uploads\/2023\/05\/8aa71a67-cc7f-42b8-9da3-0d574fcb515e-1024x576.jpg 1024w, https:\/\/romeigroup.com\/wp-content\/uploads\/2023\/05\/8aa71a67-cc7f-42b8-9da3-0d574fcb515e-300x169.jpg 300w, https:\/\/romeigroup.com\/wp-content\/uploads\/2023\/05\/8aa71a67-cc7f-42b8-9da3-0d574fcb515e-768x432.jpg 768w, https:\/\/romeigroup.com\/wp-content\/uploads\/2023\/05\/8aa71a67-cc7f-42b8-9da3-0d574fcb515e-1536x864.jpg 1536w, https:\/\/romeigroup.com\/wp-content\/uploads\/2023\/05\/8aa71a67-cc7f-42b8-9da3-0d574fcb515e.jpg 1600w\" sizes=\"(max-width: 1024px) 100vw, 1024px\" \/> <span class=\"raven-post-image-overlay\">\t\t<span class=\"raven-post-overlay-icons\" >\n\t\t\t\t\t\t<a class=\"raven-overlay-icon raven-overlay-permalink-icon\" href=\"https:\/\/romeigroup.com\/de\/portfolio\/projekt-fur-terna-in-italien-agnosine-bs-und-davagna-ge\/\">\n\t\t\t<svg xmlns=\"http:\/\/www.w3.org\/2000\/svg\" id=\"Livello_1\" viewBox=\"0 0 1000 1000\"><defs><style>.cls-1{fill:none;stroke:#f9ca03;stroke-miterlimit:10;stroke-width:26px;}<\/style><\/defs><polygon class=\"cls-1\" points=\"21.56 784.1 35.54 943.09 191.31 964.36 730.84 456.28 730.84 946.8 978.44 946.8 978.44 283.24 978.44 35.64 730.84 35.64 67.28 35.64 67.28 283.24 553.43 283.24 21.56 784.1\"><\/polygon><\/svg>\t\t<\/a>\n\t\t\t\t<\/span>\n\t\t<\/span><\/span>\t\t<\/div>\n\t\t\n\t\t\t\t\t<div class=\"raven-post-content\">\n\t\t\t\t\t\t<h3 class=\"raven-post-title\"><a class=\"raven-post-title-link\" href=\"https:\/\/romeigroup.com\/de\/portfolio\/projekt-fur-terna-in-italien-agnosine-bs-und-davagna-ge\/\">Projekt f\u00fcr Terna in Italien Agnosine (BS) und Davagna (GE)<\/a><\/h3>\t\t\t\t\t<\/div>\n\t\t\t\t<\/div>\n\t\t\t<\/div>\n\t\t<\/div>\n\t\t\n\t\t<div class=\"swiper-slide\">\n\t\t\t<div class=\"raven-post-wrapper\">\n\t\t\t\t<div class=\"raven-post raven-posts-carousel-load-effect raven-post-carousel-effect-fade-in\">\n\t\t\t\t\t\t\t<div class=\"raven-post-image-wrap\">\n\t\t\t<span class=\"raven-post-image raven-image-fit\" ><img decoding=\"async\" width=\"1024\" height=\"576\" src=\"https:\/\/romeigroup.com\/wp-content\/uploads\/2019\/09\/457b0fb9-ebc5-407e-b200-bfb115d2a52a-1024x576.jpg\" class=\"attachment-large size-large wp-image-5415\" alt=\"\" srcset=\"https:\/\/romeigroup.com\/wp-content\/uploads\/2019\/09\/457b0fb9-ebc5-407e-b200-bfb115d2a52a-1024x576.jpg 1024w, https:\/\/romeigroup.com\/wp-content\/uploads\/2019\/09\/457b0fb9-ebc5-407e-b200-bfb115d2a52a-300x169.jpg 300w, https:\/\/romeigroup.com\/wp-content\/uploads\/2019\/09\/457b0fb9-ebc5-407e-b200-bfb115d2a52a-768x432.jpg 768w, https:\/\/romeigroup.com\/wp-content\/uploads\/2019\/09\/457b0fb9-ebc5-407e-b200-bfb115d2a52a-1536x864.jpg 1536w, https:\/\/romeigroup.com\/wp-content\/uploads\/2019\/09\/457b0fb9-ebc5-407e-b200-bfb115d2a52a.jpg 1600w\" sizes=\"(max-width: 1024px) 100vw, 1024px\" \/> <span class=\"raven-post-image-overlay\">\t\t<span class=\"raven-post-overlay-icons\" >\n\t\t\t\t\t\t<a class=\"raven-overlay-icon raven-overlay-permalink-icon\" href=\"https:\/\/romeigroup.com\/de\/portfolio\/stromleitungen-in-osterreich-fur-apg\/\">\n\t\t\t<svg xmlns=\"http:\/\/www.w3.org\/2000\/svg\" id=\"Livello_1\" viewBox=\"0 0 1000 1000\"><defs><style>.cls-1{fill:none;stroke:#f9ca03;stroke-miterlimit:10;stroke-width:26px;}<\/style><\/defs><polygon class=\"cls-1\" points=\"21.56 784.1 35.54 943.09 191.31 964.36 730.84 456.28 730.84 946.8 978.44 946.8 978.44 283.24 978.44 35.64 730.84 35.64 67.28 35.64 67.28 283.24 553.43 283.24 21.56 784.1\"><\/polygon><\/svg>\t\t<\/a>\n\t\t\t\t<\/span>\n\t\t<\/span><\/span>\t\t<\/div>\n\t\t\n\t\t\t\t\t<div class=\"raven-post-content\">\n\t\t\t\t\t\t<h3 class=\"raven-post-title\"><a class=\"raven-post-title-link\" href=\"https:\/\/romeigroup.com\/de\/portfolio\/stromleitungen-in-osterreich-fur-apg\/\">Stromleitungen in \u00d6sterreich f\u00fcr APG<\/a><\/h3>\t\t\t\t\t<\/div>\n\t\t\t\t<\/div>\n\t\t\t<\/div>\n\t\t<\/div>\n\t\t\t\t\t\t<\/div>\n\t\t<div class=\"swiper-pagination swiper-pager-outside bullets-pagination-type\"><\/div>\n\t\t<\/div>\n\n\t\t\t\n\t\t<\/div>\n\t\t\t\t\t\t<\/div>\n\t\t\t\t<\/div>\n\t\t\t\t\t<\/div>\n\t\t<\/div>\n\t\t\t\t\t<\/div>\n\t\t<\/section>\n\t\t\t\t<div class=\"elementor-element elementor-element-71cefc5 elementor-align-center elementor-mobile-align-center elementor-widget__width-inherit elementor-widget-tablet__width-auto elementor-widget-mobile__width-auto elementor-widget elementor-widget-raven-button\" data-id=\"71cefc5\" data-element_type=\"widget\" data-e-type=\"widget\" data-settings=\"{&quot;turn_to_popup_action_button&quot;:&quot;no&quot;}\" data-widget_type=\"raven-button.default\">\n\t\t\t\t<div class=\"elementor-widget-container\">\n\t\t\t\t\t\t\t<div class=\"raven-widget-wrapper\">\n\t\t\t<a class=\"raven-button raven-button-widget-normal-effect-none  raven-button-text-align-center raven-button-link elementor-animation-none\" href=\"\/de\/erfolgreiche-projekte\/\">\t\t\t\t<div class=\"raven-button-overlay\" ><\/div>\n\t\t\t\t<span class=\"raven-button-content\">\n\t\t\t\t\t\n\t\t\t\t\t<div class=\"button-text-container\">\n\t\t\t\t\t\t\t\t\t\t\t\t<div class=\"raven-button-texts-wrapper\">\n\t\t\t\t\t\t\t<div class=\"button-text\">\n\t\t\t\t\t\t\t\t<span class=\"raven-button-text\">\n\t\t\t\t\t\t\t\t\tAlle unsere Projekte\t\t\t\t\t\t\t\t<\/span>\n\t\t\t\t\t\t\t<\/div>\n\t\t\t\t\t\t\t\t\t\t\t\t\t<\/div>\n\t\t\t\t\t\t\t\t\t\t\t<\/div>\n\t\t\t\t\t\n\t\t\t\t\t\t\t\t\t<\/span>\n\t\t\t<\/a>\t\t<\/div>\n\t\t\t\t\t\t<\/div>\n\t\t\t\t<\/div>\n\t\t\t\t\t<\/div>\n\t\t<\/div>\n\t\t\t\t\t<\/div>\n\t\t<\/section>\n\t\t\t\t<\/div>\n\t\t","protected":false},"excerpt":{"rendered":"<p>Notfalleins\u00e4tze nach Naturkatastrophen L\u00f6sungen f\u00fcr hydrogeologischen Gefahren und Sch\u00e4den Unser dynamisches und stets gut ausger\u00fcstetes Team ist f\u00fcr jeden Notfall einsatzbereit: Kranwagen und gel\u00e4ndeg\u00e4ngige Zugmaschinen, Kipper, Bagger von 1 bis 30 Tonnen, Spinnenbagger mit Bohrmasten, Stromaggregate, hubschraubertaugliche Arbeitsger\u00e4te, um bei Erdrutschen und \u00dcberschwemmungen sofort einzugreifen. \u00a0 Im Laufe der Jahre haben wir uns auf vorl\u00e4ufige [&hellip;]<\/p>\n","protected":false},"author":1,"featured_media":0,"parent":5928,"menu_order":0,"comment_status":"closed","ping_status":"closed","template":"elementor_header_footer","meta":{"_acf_changed":false,"footnotes":""},"class_list":["post-6007","page","type-page","status-publish","hentry"],"acf":[],"_links":{"self":[{"href":"https:\/\/romeigroup.com\/de\/wp-json\/wp\/v2\/pages\/6007","targetHints":{"allow":["GET"]}}],"collection":[{"href":"https:\/\/romeigroup.com\/de\/wp-json\/wp\/v2\/pages"}],"about":[{"href":"https:\/\/romeigroup.com\/de\/wp-json\/wp\/v2\/types\/page"}],"author":[{"embeddable":true,"href":"https:\/\/romeigroup.com\/de\/wp-json\/wp\/v2\/users\/1"}],"replies":[{"embeddable":true,"href":"https:\/\/romeigroup.com\/de\/wp-json\/wp\/v2\/comments?post=6007"}],"version-history":[{"count":7,"href":"https:\/\/romeigroup.com\/de\/wp-json\/wp\/v2\/pages\/6007\/revisions"}],"predecessor-version":[{"id":6110,"href":"https:\/\/romeigroup.com\/de\/wp-json\/wp\/v2\/pages\/6007\/revisions\/6110"}],"up":[{"embeddable":true,"href":"https:\/\/romeigroup.com\/de\/wp-json\/wp\/v2\/pages\/5928"}],"wp:attachment":[{"href":"https:\/\/romeigroup.com\/de\/wp-json\/wp\/v2\/media?parent=6007"}],"curies":[{"name":"wp","href":"https:\/\/api.w.org\/{rel}","templated":true}]}}